{"id":124,"date":"2024-04-15T10:38:30","date_gmt":"2024-04-15T08:38:30","guid":{"rendered":"https:\/\/shop.commercialista.it\/?post_type=product&#038;p=124"},"modified":"2024-04-15T10:39:59","modified_gmt":"2024-04-15T08:39:59","slug":"gestione-contabilita-semplificata-artigiani-commercianti","status":"publish","type":"product","link":"https:\/\/shop.commercialista.it\/it\/prodotto\/gestione-contabilita-semplificata-artigiani-commercianti\/","title":{"rendered":"Gestione contabilit\u00e0 semplificata artigiani commercianti"},"content":{"rendered":"<p>Gestione della contabilit\u00e0 e predisposizione della Dichiarazione dei Redditi relative all&#8217;anno di gestione della contabilit\u00e0. Servizio dedicato comprendente assistenza illimitata, tramite email e telefono, da parte del vostro Consulente Fiscale di riferimento.<\/p>\n<p>Il servizio offerto comprende:<\/p>\n<ul>\n<li>Tenuta della contabilit\u00e0 fino al 31 dicembre 2023 e adempimenti fiscali;<\/li>\n<li>Redazione della dichiarazione dei redditi percepiti nell&#8217;anno di gestione della contabilit\u00e0;<\/li>\n<li>Compilazione e invio del modello F24;<\/li>\n<li>Gestione dei modelli F24 Inps in quattro rate;<\/li>\n<li>Disponibilit\u00e0 di un consulente di riferimento;<\/li>\n<li>Assistenza gratuita a mezzo di posta elettronica e telefono;<\/li>\n<li>Liquidazione e trasmissione trimestrale all\u2019Agenzia delle Entrate dell\u2019imposta sul valore aggiunto;<\/li>\n<li>Predisposizione ed invio della dichiarazione Iva annuale;<\/li>\n<li>Creazione del modello F24 e consegna per il pagamento trimestrale dell&#8217;IVA;<\/li>\n<li>Predisposizione dell&#8217;acconto IVA al 27\/12;<\/li>\n<li>Registrazione dei centri di costo;<\/li>\n<li>Registrazione eventuale di fatture cartacee aggiuntive (per esempio: spese condominiali, assicurazione auto, prestazioni rese da collaboratori in regime forfettario);<\/li>\n<li>Compilazione degli Isa con integrazione dei dati mancanti (non rilevabili dalle fatture acquisite) e verifica per stabilire l&#8217;eventuale disallineamento con le aspettative dell\u2019Agenzia delle Entrate;<\/li>\n<li>Garanzia soddisfatti o rimborsati entro 60 giorni.<\/li>\n<\/ul>\n<p>Il servizio non comprende:<\/p>\n<ul>\n<li>Diritto camerale annuale;<\/li>\n<li>Esterometro;<\/li>\n<li>Tenuta dei registri Iva con separata indicazione di incassi e pagamenti;<\/li>\n<li>Compilazione del quadro RW, RT per redditi esteri e investimenti.<\/li>\n<\/ul>\n<p>&nbsp;<\/p>","protected":false},"excerpt":{"rendered":"<p>Gestione della contabilit\u00e0 e predisposizione della Dichiarazione dei Redditi relative all&#8217;anno di gestione della contabilit\u00e0. Servizio dedicato comprendente assistenza illimitata, tramite email e telefono, da parte del vostro Consulente Fiscale di riferimento.<\/p>","protected":false},"featured_media":125,"comment_status":"closed","ping_status":"closed","template":"","meta":[],"product_brand":[],"product_cat":[22],"product_tag":[],"class_list":{"0":"post-124","1":"product","2":"type-product","3":"status-publish","4":"has-post-thumbnail","6":"product_cat-consulenza","8":"first","9":"instock","10":"sale","11":"virtual","12":"taxable","13":"purchasable","14":"product-type-simple"},"_links":{"self":[{"href":"https:\/\/shop.commercialista.it\/it\/wp-json\/wp\/v2\/product\/124","targetHints":{"allow":["GET"]}}],"collection":[{"href":"https:\/\/shop.commercialista.it\/it\/wp-json\/wp\/v2\/product"}],"about":[{"href":"https:\/\/shop.commercialista.it\/it\/wp-json\/wp\/v2\/types\/product"}],"replies":[{"embeddable":true,"href":"https:\/\/shop.commercialista.it\/it\/wp-json\/wp\/v2\/comments?post=124"}],"wp:featuredmedia":[{"embeddable":true,"href":"https:\/\/shop.commercialista.it\/it\/wp-json\/wp\/v2\/media\/125"}],"wp:attachment":[{"href":"https:\/\/shop.commercialista.it\/it\/wp-json\/wp\/v2\/media?parent=124"}],"wp:term":[{"taxonomy":"product_brand","embeddable":true,"href":"https:\/\/shop.commercialista.it\/it\/wp-json\/wp\/v2\/product_brand?post=124"},{"taxonomy":"product_cat","embeddable":true,"href":"https:\/\/shop.commercialista.it\/it\/wp-json\/wp\/v2\/product_cat?post=124"},{"taxonomy":"product_tag","embeddable":true,"href":"https:\/\/shop.commercialista.it\/it\/wp-json\/wp\/v2\/product_tag?post=124"}],"curies":[{"name":"wp","href":"https:\/\/api.w.org\/{rel}","templated":true}]}}